{"id":2073,"date":"2022-01-18T08:11:11","date_gmt":"2022-01-18T07:11:11","guid":{"rendered":"https:\/\/virtual-alchemy.com\/torrefacteurs-pro\/?page_id=2073"},"modified":"2025-02-28T12:56:32","modified_gmt":"2025-02-28T12:56:32","slug":"torrefacteur-solar-eco","status":"publish","type":"page","link":"https:\/\/tech.brulea.com\/torrefacteurs-pro\/coffee-tech\/torrefacteurs-de-boutique\/torrefacteur-solar-eco\/","title":{"rendered":"Torr\u00e9facteur Solar Eco"},"content":{"rendered":"","protected":false},"excerpt":{"rendered":"<p>la machine de torr\u00e9faction automatis\u00e9e d&rsquo;atelier la plus avanc\u00e9e au monde.<\/p>\n","protected":false},"author":1,"featured_media":0,"parent":269,"menu_order":0,"comment_status":"closed","ping_status":"closed","template":"","meta":{"footnotes":""},"class_list":["post-2073","page","type-page","status-publish","hentry"],"_links":{"self":[{"href":"https:\/\/tech.brulea.com\/torrefacteurs-pro\/wp-json\/wp\/v2\/pages\/2073","targetHints":{"allow":["GET"]}}],"collection":[{"href":"https:\/\/tech.brulea.com\/torrefacteurs-pro\/wp-json\/wp\/v2\/pages"}],"about":[{"href":"https:\/\/tech.brulea.com\/torrefacteurs-pro\/wp-json\/wp\/v2\/types\/page"}],"author":[{"embeddable":true,"href":"https:\/\/tech.brulea.com\/torrefacteurs-pro\/wp-json\/wp\/v2\/users\/1"}],"replies":[{"embeddable":true,"href":"https:\/\/tech.brulea.com\/torrefacteurs-pro\/wp-json\/wp\/v2\/comments?post=2073"}],"version-history":[{"count":3,"href":"https:\/\/tech.brulea.com\/torrefacteurs-pro\/wp-json\/wp\/v2\/pages\/2073\/revisions"}],"predecessor-version":[{"id":2079,"href":"https:\/\/tech.brulea.com\/torrefacteurs-pro\/wp-json\/wp\/v2\/pages\/2073\/revisions\/2079"}],"up":[{"embeddable":true,"href":"https:\/\/tech.brulea.com\/torrefacteurs-pro\/wp-json\/wp\/v2\/pages\/269"}],"wp:attachment":[{"href":"https:\/\/tech.brulea.com\/torrefacteurs-pro\/wp-json\/wp\/v2\/media?parent=2073"}],"curies":[{"name":"wp","href":"https:\/\/api.w.org\/{rel}","templated":true}]}}