{"id":2770,"date":"2025-02-14T10:27:03","date_gmt":"2025-02-14T09:27:03","guid":{"rendered":"https:\/\/tech.brulea.com\/torrefacteurs-pro\/?page_id=2770"},"modified":"2025-02-16T17:51:52","modified_gmt":"2025-02-16T16:51:52","slug":"service-apres-vente-et-maintenance-des-shop-roaster","status":"publish","type":"page","link":"https:\/\/tech.brulea.com\/torrefacteurs-pro\/service-apres-vente-et-maintenance-des-shop-roaster\/","title":{"rendered":"Service apr\u00e8s-vente et maintenance des Shop Roaster"},"content":{"rendered":"<div class=\"wp-block-image\">\n<figure class=\"aligncenter size-large\"><img decoding=\"async\" sizes=\"(max-width:767px) 700px, (max-width:lpx) 100vw, lpx\" src=\"https:\/\/tech.brulea.com\/torrefacteurs-pro\/wp-content\/uploads\/sites\/11\/2025\/02\/SAV-coffee-tech-2-1024x775.avif\" alt=\"\" class=\"wp-image-2877\"\/><\/figure>\n<\/div>\n\n\n<p class=\"has-medium-font-size\">Chez&nbsp;<strong>Brulea Tech<\/strong>, nous sommes fiers d&rsquo;\u00eatre le&nbsp;<strong>seul service apr\u00e8s-vente officiel de Coffee-Tech Engineering en France<\/strong>. Conscients de l&rsquo;importance de votre torr\u00e9facteur dans votre activit\u00e9, nous offrons un service apr\u00e8s-vente r\u00e9actif et performant, soutenu par un large stock de pi\u00e8ces d\u00e9tach\u00e9es et des solutions de maintenance adapt\u00e9es \u00e0 vos besoins.<br><br><\/p>\n\n\n\n<hr class=\"wp-block-separator has-alpha-channel-opacity is-style-dots\"\/>\n\n\n<div class=\"wp-block-image\">\n<figure class=\"aligncenter size-large\"><img decoding=\"async\" sizes=\"(max-width:767px) 700px, (max-width:lpx) 100vw, lpx\" src=\"https:\/\/tech.brulea.com\/torrefacteurs-pro\/wp-content\/uploads\/sites\/11\/2025\/02\/SAV-Coffee-Tech-1-1024x585.avif\" alt=\"\" class=\"wp-image-2777\"\/><\/figure>\n<\/div>\n\n\n<h2 class=\"wp-block-heading\">Un stock de pi\u00e8ces d\u00e9tach\u00e9es disponibles imm\u00e9diatement<\/h2>\n\n\n\n<p class=\"has-medium-font-size\">Nous disposons de nombreuses pi\u00e8ces en stock pour assurer un service rapide et efficace :<\/p>\n\n\n\n<ul class=\"wp-block-list has-medium-font-size\">\n<li>r\u00e9sistances<\/li>\n\n\n\n<li>joints<\/li>\n\n\n\n<li>roulements<\/li>\n\n\n\n<li>moteurs<\/li>\n\n\n\n<li>embrayages<\/li>\n\n\n\n<li>liquides de nettoyage sp\u00e9cialis\u00e9s<\/li>\n\n\n\n<li>et bien d\u2019autres composants d\u2019origine&nbsp;<strong>Coffee-Tech Engineering<\/strong><\/li>\n<\/ul>\n\n\n\n<p class=\"has-medium-font-size\">Toutes nos pi\u00e8ces sont authentiques et garanties, assurant ainsi la long\u00e9vit\u00e9 et la performance de votre \u00e9quipement.<\/p>\n\n\n\n<hr class=\"wp-block-separator has-alpha-channel-opacity is-style-dots\"\/>\n\n\n<div class=\"wp-block-image is-style-default\">\n<figure class=\"aligncenter size-large\"><img decoding=\"async\" sizes=\"(max-width:767px) 700px, (max-width:lpx) 100vw, lpx\" src=\"https:\/\/tech.brulea.com\/torrefacteurs-pro\/wp-content\/uploads\/sites\/11\/2025\/02\/SAV-Coffee-Tech-pieces-1024x585.avif\" alt=\"\" class=\"wp-image-2778\"\/><\/figure>\n<\/div>\n\n\n<h2 class=\"wp-block-heading\">Un service de r\u00e9paration rapide et fiable<\/h2>\n\n\n\n<p class=\"has-medium-font-size\">Nous avons mis en place un service de r\u00e9cup\u00e9ration de votre machine pour une prise en charge compl\u00e8te :<\/p>\n\n\n\n<ol class=\"wp-block-list\">\n<li class=\"has-medium-font-size\"><strong>Diagnostic et devis<\/strong>&nbsp;: une fois votre machine r\u00e9ceptionn\u00e9e, nous r\u00e9alisons une \u00e9valuation approfondie et \u00e9tablissons un devis d\u00e9taill\u00e9.<\/li>\n\n\n\n<li class=\"has-medium-font-size\"><strong>R\u00e9paration avec garantie<\/strong>&nbsp;: apr\u00e8s votre accord, nous proc\u00e9dons \u00e0 la r\u00e9paration avec des pi\u00e8ces d\u2019origine Coffee-Tech Engineering. Nous garantissons notre travail pour assurer une qualit\u00e9 optimale.<\/li>\n\n\n\n<li class=\"has-medium-font-size\"><strong>Retour de votre machine<\/strong>&nbsp;: votre torr\u00e9facteur est test\u00e9, v\u00e9rifi\u00e9, et renvoy\u00e9 pr\u00eat \u00e0 l\u2019emploi.<\/li>\n<\/ol>\n\n\n\n<hr class=\"wp-block-separator has-alpha-channel-opacity is-style-dots\"\/>\n\n\n<div class=\"wp-block-image wp-duotone-grayscale\">\n<figure class=\"aligncenter size-large\"><img decoding=\"async\" sizes=\"(max-width:767px) 700px, (max-width:lpx) 100vw, lpx\" src=\"https:\/\/tech.brulea.com\/torrefacteurs-pro\/wp-content\/uploads\/sites\/11\/2025\/02\/SAV-FZ94-1024x585.avif\" alt=\"\" class=\"wp-image-2780\"\/><\/figure>\n<\/div>\n\n\n<h2 class=\"wp-block-heading\">Un accompagnement technique sur mesure<\/h2>\n\n\n\n<p class=\"has-medium-font-size\">Vous souhaitez effectuer vous-m\u00eame l\u2019entretien ou le remplacement de certaines pi\u00e8ces ? Nous vous accompagnons avec :<\/p>\n\n\n\n<ul class=\"wp-block-list\">\n<li class=\"has-medium-font-size\"><strong>Diagnostic \u00e0 distance<\/strong>&nbsp;par t\u00e9l\u00e9phone, visioconf\u00e9rence ou envoi de photos.<\/li>\n\n\n\n<li class=\"has-medium-font-size\"><strong>Envoi des pi\u00e8ces d\u00e9tach\u00e9es adapt\u00e9es<\/strong>&nbsp;avec des conseils d\u2019installation.<\/li>\n\n\n\n<li class=\"has-medium-font-size\"><strong>Assistance au remplacement<\/strong>&nbsp;avec un suivi technique d\u00e9taill\u00e9 pour vous guider pas \u00e0 pas.<\/li>\n<\/ul>\n\n\n\n<h2 class=\"wp-block-heading\"><br>Disponibilit\u00e9 des pi\u00e8ces d\u00e9tach\u00e9es<\/h2>\n\n\n\n<p class=\"has-medium-font-size\">Chez&nbsp;<strong>Brulea Tech<\/strong>, nous nous engageons \u00e0 fournir un service apr\u00e8s-vente de qualit\u00e9 en assurant la disponibilit\u00e9 des pi\u00e8ces d\u00e9tach\u00e9es essentielles pour vos torr\u00e9facteurs&nbsp;<strong>Shop Roaster<\/strong>.<\/p>\n\n\n\n<ul class=\"wp-block-list\">\n<li class=\"has-medium-font-size\"><strong>Pi\u00e8ces courantes en stock<\/strong>&nbsp;: nous maintenons un stock important de pi\u00e8ces couramment utilis\u00e9es, telles que les r\u00e9sistances, joints, roulements, moteurs et embrayages, afin de r\u00e9pondre rapidement \u00e0 vos besoins de maintenance et de r\u00e9paration.<\/li>\n\n\n\n<li class=\"has-medium-font-size\"><strong>Pi\u00e8ces sp\u00e9cifiques sur commande<\/strong>&nbsp;: certaines pi\u00e8ces plus sp\u00e9cialis\u00e9es, comme le tambour ou le pelliculier (chambre de collecte des pellicules), peuvent ne pas \u00eatre disponibles en stock permanent. Dans ces cas, nous passons commande directement aupr\u00e8s de&nbsp;<strong>Coffee-Tech Engineering<\/strong>&nbsp;et b\u00e9n\u00e9ficions de livraisons express pour minimiser les d\u00e9lais d&rsquo;attente.<\/li>\n<\/ul>\n\n\n\n<p class=\"has-medium-font-size\">Nous vous assurons une information transparente sur la disponibilit\u00e9 des pi\u00e8ces lors de votre demande. En cas de commande sp\u00e9ciale, nous vous communiquerons le d\u00e9lai estim\u00e9 de livraison et vous tiendrons inform\u00e9 de l&rsquo;avancement.<\/p>\n\n\n\n<h2 class=\"wp-block-heading\"><br>Une collaboration directe avec Coffee-Tech Engineering<\/h2>\n\n\n\n<p class=\"has-medium-font-size\">En tant que partenaire officiel, nous travaillons en collaboration directe avec Coffee-Tech Engineering. Pour les cas les plus complexes, nous faisons appel \u00e0 leurs ing\u00e9nieurs, qui poss\u00e8dent une expertise mondiale de leurs produits depuis plus de 20 ans.<\/p>\n\n\n\n<hr class=\"wp-block-separator has-alpha-channel-opacity is-style-dots\"\/>\n\n\n<div class=\"wp-block-image\">\n<figure class=\"aligncenter size-large\"><img decoding=\"async\" sizes=\"(max-width:767px) 700px, (max-width:lpx) 100vw, lpx\" src=\"https:\/\/tech.brulea.com\/torrefacteurs-pro\/wp-content\/uploads\/sites\/11\/2025\/02\/coffee-Tech-Engenerind-1-1024x585.avif\" alt=\"\" class=\"wp-image-2800\"\/><\/figure>\n<\/div>\n\n\n<hr class=\"wp-block-separator has-alpha-channel-opacity is-style-dots\"\/>\n\n\n\n<h2 class=\"wp-block-heading\">Pourquoi choisir Brulea Tech pour votre SAV ?<\/h2>\n\n\n\n<ul class=\"wp-block-list\">\n<li class=\"has-medium-font-size\">une expertise reconnue sur toute la gamme Coffee-Tech Engineering<\/li>\n\n\n\n<li class=\"has-medium-font-size\">un service rapide et efficace avec des pi\u00e8ces en stock<\/li>\n\n\n\n<li class=\"has-medium-font-size\">un accompagnement personnalis\u00e9 selon vos besoins<\/li>\n\n\n\n<li class=\"has-medium-font-size\">des r\u00e9parations garanties avec des composants d\u2019origine<\/li>\n\n\n\n<li class=\"has-medium-font-size\">une collaboration directe avec les ing\u00e9nieurs de Coffee-Tech Engineering pour les cas complexes<\/li>\n<\/ul>\n\n\n\n<p class=\"has-medium-font-size\">Ne laissez pas une panne ralentir votre production ! Contactez-nous d\u00e8s maintenant pour toute demande d\u2019entretien, de r\u00e9paration ou de pi\u00e8ces d\u00e9tach\u00e9es.<\/p>\n\n\n\n<p><\/p>\n","protected":false},"excerpt":{"rendered":"<p>Chez&nbsp;Brulea Tech, nous sommes fiers d&rsquo;\u00eatre le&nbsp;seul service apr\u00e8s-vente officiel de Coffee-Tech Engineering en France. Conscients de l&rsquo;importance de votre torr\u00e9facteur dans votre activit\u00e9, nous offrons un service apr\u00e8s-vente r\u00e9actif et performant, soutenu par un large stock de pi\u00e8ces d\u00e9tach\u00e9es et des solutions de maintenance adapt\u00e9es \u00e0 vos besoins. Un stock de pi\u00e8ces d\u00e9tach\u00e9es disponibles imm\u00e9diatement<span class=\"excerpt-hellip\"> [\u2026]<\/span><\/p>\n","protected":false},"author":1,"featured_media":0,"parent":0,"menu_order":0,"comment_status":"closed","ping_status":"closed","template":"","meta":{"footnotes":""},"class_list":["post-2770","page","type-page","status-publish","hentry"],"_links":{"self":[{"href":"https:\/\/tech.brulea.com\/torrefacteurs-pro\/wp-json\/wp\/v2\/pages\/2770","targetHints":{"allow":["GET"]}}],"collection":[{"href":"https:\/\/tech.brulea.com\/torrefacteurs-pro\/wp-json\/wp\/v2\/pages"}],"about":[{"href":"https:\/\/tech.brulea.com\/torrefacteurs-pro\/wp-json\/wp\/v2\/types\/page"}],"author":[{"embeddable":true,"href":"https:\/\/tech.brulea.com\/torrefacteurs-pro\/wp-json\/wp\/v2\/users\/1"}],"replies":[{"embeddable":true,"href":"https:\/\/tech.brulea.com\/torrefacteurs-pro\/wp-json\/wp\/v2\/comments?post=2770"}],"version-history":[{"count":19,"href":"https:\/\/tech.brulea.com\/torrefacteurs-pro\/wp-json\/wp\/v2\/pages\/2770\/revisions"}],"predecessor-version":[{"id":2879,"href":"https:\/\/tech.brulea.com\/torrefacteurs-pro\/wp-json\/wp\/v2\/pages\/2770\/revisions\/2879"}],"wp:attachment":[{"href":"https:\/\/tech.brulea.com\/torrefacteurs-pro\/wp-json\/wp\/v2\/media?parent=2770"}],"curies":[{"name":"wp","href":"https:\/\/api.w.org\/{rel}","templated":true}]}}