{"id":310,"date":"2025-02-08T08:48:27","date_gmt":"2025-02-08T07:48:27","guid":{"rendered":"https:\/\/virtual-alchemy.com\/torrefacteurs-pro\/?page_id=310"},"modified":"2025-04-18T08:58:51","modified_gmt":"2025-04-18T08:58:51","slug":"blog","status":"publish","type":"page","link":"https:\/\/tech.brulea.com\/torrefacteurs-pro\/blog\/","title":{"rendered":"L&rsquo;Art de la Torr\u00e9faction : Tendances, Techniques et Innovations pour les Professionnels du Caf\u00e9"},"content":{"rendered":"","protected":false},"excerpt":{"rendered":"<p>Bienvenue sur le blog de Brulea Tech, votre source d&rsquo;information d\u00e9di\u00e9e \u00e0 l&rsquo;univers du caf\u00e9. Que vous soyez propri\u00e9taire d&rsquo;un coffee shop, g\u00e9rant de bar, torr\u00e9facteur passionn\u00e9, responsable de salon de th\u00e9 ou d&rsquo;\u00e9picerie fine, ce blog est con\u00e7u pour vous. Nous y explorons les derni\u00e8res tendances du march\u00e9, partageons des formations approfondies en torr\u00e9faction, mettons en lumi\u00e8re des portraits de professionnels inspirants et analysons les technologies de pointe en mati\u00e8re de torr\u00e9faction.<\/p>\n","protected":false},"author":1,"featured_media":0,"parent":0,"menu_order":0,"comment_status":"closed","ping_status":"closed","template":"","meta":{"footnotes":""},"class_list":["post-310","page","type-page","status-publish","hentry"],"_links":{"self":[{"href":"https:\/\/tech.brulea.com\/torrefacteurs-pro\/wp-json\/wp\/v2\/pages\/310","targetHints":{"allow":["GET"]}}],"collection":[{"href":"https:\/\/tech.brulea.com\/torrefacteurs-pro\/wp-json\/wp\/v2\/pages"}],"about":[{"href":"https:\/\/tech.brulea.com\/torrefacteurs-pro\/wp-json\/wp\/v2\/types\/page"}],"author":[{"embeddable":true,"href":"https:\/\/tech.brulea.com\/torrefacteurs-pro\/wp-json\/wp\/v2\/users\/1"}],"replies":[{"embeddable":true,"href":"https:\/\/tech.brulea.com\/torrefacteurs-pro\/wp-json\/wp\/v2\/comments?post=310"}],"version-history":[{"count":48,"href":"https:\/\/tech.brulea.com\/torrefacteurs-pro\/wp-json\/wp\/v2\/pages\/310\/revisions"}],"predecessor-version":[{"id":3058,"href":"https:\/\/tech.brulea.com\/torrefacteurs-pro\/wp-json\/wp\/v2\/pages\/310\/revisions\/3058"}],"wp:attachment":[{"href":"https:\/\/tech.brulea.com\/torrefacteurs-pro\/wp-json\/wp\/v2\/media?parent=310"}],"curies":[{"name":"wp","href":"https:\/\/api.w.org\/{rel}","templated":true}]}}