{"id":502,"date":"2018-06-17T20:54:25","date_gmt":"2018-06-17T18:54:25","guid":{"rendered":"http:\/\/virtual-alchemy.com\/torrefacteurs-pro\/?page_id=502"},"modified":"2018-08-01T12:42:46","modified_gmt":"2018-08-01T10:42:46","slug":"triple-silos-a-cafe","status":"publish","type":"page","link":"https:\/\/tech.brulea.com\/torrefacteurs-pro\/accessoires\/triple-silos-a-cafe\/","title":{"rendered":"Triple Silos"},"content":{"rendered":"<h1>Triple Silos<\/h1>\n<h2>Stocker &#038; Exposer, Valoriser vos grains torr\u00e9fi\u00e9s <\/h2>\n<p>center<\/p>\n<p>no-repeat;left top;;<\/p>\n<p>auto<\/p>\n<h4>Ce triple r\u00e9servoir est fait \u00e0 partir des meilleurs mat\u00e9riaux et il est le fruit d\u2019un savoir-faire unique<\/h4>\n<p>center<\/p>\n<p>no-repeat;left top;;<\/p>\n<p>auto<\/p>\n<p><img decoding=\"async\" src=\"https:\/\/tech.brulea.com\/torrefacteurs-pro\/wp-content\/uploads\/sites\/11\/2018\/06\/silo_01.jpg\" alt=\"silo_01\"\/><\/p>\n<p>FZ94<\/p>\n<h3>Triple r\u00e9servoir \u00e0<br \/>\ncaf\u00e9<\/h3>\n<hr class=\"no_line\" style=\"margin: 0 auto 0px auto\"\/>\n\n<p>Afin de compl\u00e9ter votre dispositif professionnel de torr\u00e9faction, vous avez la possibilit\u00e9 de stocker vos grains torr\u00e9fi\u00e9s et de les exposer en vue de les vendre, et ce de mani\u00e8re professionnelle.<br \/>\nCe triple r\u00e9servoir est fait \u00e0 partir des meilleurs mat\u00e9riaux et il est le fruit d\u2019un savoir-faire unique. Son design est sublime avec sa finition en cuivre lustr\u00e9 ou en acier inoxydable gaufr\u00e9. Il peut \u00eatre accroch\u00e9 au mur ou pos\u00e9 sur un comptoir si vous en formulez la demande. Ces r\u00e9servoirs donneront \u00e0 votre boutique l\u2019apparence et l\u2019ambiance d\u2019un vrai petit atelier de torr\u00e9faction. Leur design \u00e9pur\u00e9 se mariera parfaitement avec nos torr\u00e9facteurs professionnels si vous exposez ceux-ci c\u00f4te- \u00e0-c\u00f4te dans votre boutique.<br \/>\nLe fait d\u2019exposer vos grains de caf\u00e9 fra\u00eechement torr\u00e9fi\u00e9s vous permettra non seulement d\u2019\u00e9conomiser les frais li\u00e9s \u00e0 l\u2019ensachage et \u00e0 l\u2019entreposage, mais aussi d\u2019augmenter vos ventes, la fr\u00e9quentation<br \/>\nde votre boutique, la vari\u00e9t\u00e9 des produits entrepos\u00e9s dans votre boutique, et cela changera \u00e9galement la philosophie de votre magasin : au lieu d\u2019aller vers les clients, ce seront les clients qui viendront vers vous pour vous demander des conseils.<br \/>\nLe triple r\u00e9servoir est con\u00e7u de mani\u00e8re intelligente pour une utilisation quotidienne. Chacun des r\u00e9servoirs poss\u00e8de une capacit\u00e9 de 5 kg (11 lbs) de grains de caf\u00e9. Chacun d\u2019entre eux dispose d\u2019un large couvercle permettant de le remplir rapidement, d\u2019un m\u00e9canisme de lib\u00e9ration des grains rapide<br \/>\net pratique, et d\u2019un compartiment sp\u00e9cial dans lequel on peut ins\u00e9rer une \u00e9tiquette rempla\u00e7able.<\/p>\n<p>no-repeat;left top;;<\/p>\n<p>auto<\/p>\n<p>fadeInUp<\/p>\n<p>Caract\u00e9ristiques Techniques<\/p>\n<h2>Caract\u00e9ristiques Techniques<\/h2>\n<p>no-repeat;left top;;<\/p>\n<p>auto<\/p>\n<p>default<\/p>\n<p>Conformit\u00e9 de qualit\u00e9 et s\u00e9curit\u00e9:<\/p>\n<h6>Mat\u00e9riaux:<\/h6>\n<hr class=\" hr_color\" style=\"margin:0 auto 10px;\"\/>\n\n<p>Acier inoxydable\/cuivre d\u00e9coratifs Plexiglas\/aluminium anodis\u00e9<\/p>\n<p>no-repeat;left top;;<\/p>\n<p>auto<\/p>\n<p>Refroidissement:<\/p>\n<h6>Dimensions (Cm):<\/h6>\n<hr class=\" hr_color\" style=\"margin:0 auto 10px;\"\/>\n\n<p>80(H) X 78(L) X 24(P)<\/p>\n<p>no-repeat;left top;;<\/p>\n<p>auto<\/p>\n<p>temp\u00e9rature<\/p>\n<h6>Poids:<\/h6>\n<hr class=\" hr_color\" style=\"margin:0 auto 10px;\"\/>\n\n<p>17 kg (37 lb)<\/p>\n<p>no-repeat;left top;;<\/p>\n<p>auto<\/p>\n<p>Dimensions (en cm) et poids<\/p>\n<h6>Capacit\u00e9:<\/h6>\n<hr class=\" hr_color\" style=\"margin:0 auto 10px;\"\/>\n\n<p>3X5kg 15kg (33lbs)<\/p>\n<p>no-repeat;left top;;<\/p>\n<p>auto<\/p>\n<p>default<\/p>\n<p>Question les plus fr\u00e9quentes<\/p>\n<p>Est-ce que l&rsquo;Avirnaki \u00e9limine TOUTE la fum\u00e9e ou seulement une partie de celle-ci?: L&rsquo;efficacit\u00e9 de l&rsquo;Avirnaki en r\u00e9sulte aucune fum\u00e9e. Avec cette machine, vous pouvez simplement torr\u00e9fier partout et tous le temps.<\/p>\n<p>Avirnaki peut-il fonctionner avec des torr\u00e9facteurs autres que les mod\u00e8les Coffee-Tech?: L&rsquo;Avirnaki est con\u00e7u et convient parfaitement \u00e0 nos torr\u00e9facteurs de petite capacit\u00e9, Solar et FZ-94, mais il peut fonctionner avec d&rsquo;autres torr\u00e9facteurs de petite capacit\u00e9 d&rsquo;autres fabricants. Pour v\u00e9rifier des machines sp\u00e9cifiques, contactez-nous.<\/p>\n<p>La maintenance est-elle compliqu\u00e9e avec cette machine?: L&rsquo;Avirnaki est sans entretien! Des proc\u00e9dures de nettoyage p\u00e9riodiques simples sont tout ce qui est n\u00e9cessaire pour que cette machine fonctionne pendant les ann\u00e9es \u00e0 venir.<\/p>\n","protected":false},"excerpt":{"rendered":"<p>Triple Silos Stocker &#038; Exposer, Valoriser vos grains torr\u00e9fi\u00e9s center no-repeat;left top;; auto Ce triple r\u00e9servoir est fait \u00e0 partir des meilleurs mat\u00e9riaux et il est le fruit d\u2019un savoir-faire unique center no-repeat;left top;; auto FZ94 Triple r\u00e9servoir \u00e0 caf\u00e9 Afin de compl\u00e9ter votre dispositif professionnel de torr\u00e9faction, vous avez la possibilit\u00e9 de stocker vos grains<span class=\"excerpt-hellip\"> [\u2026]<\/span><\/p>\n","protected":false},"author":1,"featured_media":0,"parent":281,"menu_order":0,"comment_status":"open","ping_status":"open","template":"","meta":{"footnotes":""},"class_list":["post-502","page","type-page","status-publish","hentry"],"_links":{"self":[{"href":"https:\/\/tech.brulea.com\/torrefacteurs-pro\/wp-json\/wp\/v2\/pages\/502","targetHints":{"allow":["GET"]}}],"collection":[{"href":"https:\/\/tech.brulea.com\/torrefacteurs-pro\/wp-json\/wp\/v2\/pages"}],"about":[{"href":"https:\/\/tech.brulea.com\/torrefacteurs-pro\/wp-json\/wp\/v2\/types\/page"}],"author":[{"embeddable":true,"href":"https:\/\/tech.brulea.com\/torrefacteurs-pro\/wp-json\/wp\/v2\/users\/1"}],"replies":[{"embeddable":true,"href":"https:\/\/tech.brulea.com\/torrefacteurs-pro\/wp-json\/wp\/v2\/comments?post=502"}],"version-history":[{"count":2,"href":"https:\/\/tech.brulea.com\/torrefacteurs-pro\/wp-json\/wp\/v2\/pages\/502\/revisions"}],"predecessor-version":[{"id":577,"href":"https:\/\/tech.brulea.com\/torrefacteurs-pro\/wp-json\/wp\/v2\/pages\/502\/revisions\/577"}],"up":[{"embeddable":true,"href":"https:\/\/tech.brulea.com\/torrefacteurs-pro\/wp-json\/wp\/v2\/pages\/281"}],"wp:attachment":[{"href":"https:\/\/tech.brulea.com\/torrefacteurs-pro\/wp-json\/wp\/v2\/media?parent=502"}],"curies":[{"name":"wp","href":"https:\/\/api.w.org\/{rel}","templated":true}]}}